{"id":27,"date":"2015-11-10T12:10:58","date_gmt":"2015-11-10T11:10:58","guid":{"rendered":"https:\/\/mes-formulaires.cpamcentre.fr\/?page_id=27"},"modified":"2021-05-14T10:41:41","modified_gmt":"2021-05-14T09:41:41","slug":"mentions-legales","status":"publish","type":"page","link":"https:\/\/mes-formulaires.cpamcentre.fr\/index.php\/mentions-legales\/","title":{"rendered":"Mentions l\u00e9gales"},"content":{"rendered":"<h4><span style=\"color: #99cc00;\">\u00c9diteur du site<\/span><\/h4>\n<p>Ce site est \u00e9dit\u00e9 par la Caisse Primaire d\u2019Assurance Maladie de Loir-et-Cher (CPAM 41).<\/p>\n<p>Si\u00e8ge social :\u00a06 rue Louis Armand &#8211; 41022 Blois Cedex.<\/p>\n<p>Directeur de publication : Pierre CUCHET &#8211; Directeur<\/p>\n<p>T\u00e9l\u00e9phone : 02 54 50 18 22<\/p>\n<h4><span style=\"color: #99cc00;\">Protection des donn\u00e9es personnelles<\/span><\/h4>\n<p>Ce site a fait l\u2019objet d\u2019une d\u00e9claration \u00e0 la CNIL.<\/p>\n<p>Aucune donn\u00e9e \u00e0 caract\u00e8re personnel n&rsquo;est collect\u00e9e ni diffus\u00e9e \u00e0 votre insu. Conform\u00e9ment aux articles 38 et suivants de la loi n\u00b0 78-17 du 6 janvier 1978 relative \u00e0 l&rsquo;informatique, aux fichiers et aux libert\u00e9s, toute personne peut s&rsquo;opposer \u00e0 la publication d&rsquo;informations la concernant, en obtenir communication et, le cas \u00e9ch\u00e9ant, rectification ou suppression de ces informations.<\/p>\n<p>Sous r\u00e9serve du caract\u00e8re public des informations contenues sur ce site, aucune donn\u00e9e \u00e0 caract\u00e8re personnel n&rsquo;est communiqu\u00e9e par les CPAM \u00e0 des tiers. Les adresses \u00e9lectroniques recueillies dans le cadre de l\u2019utilisation du site ne sont utilis\u00e9es que pour l&rsquo;envoi de lettres d\u2019informations pour lesquelles la personne a explicitement donn\u00e9 son accord.<\/p>\n<h4><span style=\"color: #99cc00;\">Mentions relatives aux cookies<\/span><\/h4>\n<h5>Qu\u2019est-ce qu\u2019un cookie et \u00e0 quoi sert-il ?<\/h5>\n<p>Un cookie (ou t\u00e9moin de connexion) est un fichier texte susceptible d\u2019\u00eatre enregistr\u00e9, sous r\u00e9serve de vos choix, dans un espace d\u00e9di\u00e9 du disque dur de votre terminal (ordinateur, tablette \u2026) \u00e0 l\u2019occasion de la consultation d\u2019un service en ligne gr\u00e2ce \u00e0 votre logiciel de navigation.<\/p>\n<p>Il est transmis par le serveur d\u2019un site internet \u00e0 votre navigateur. A chaque cookie est attribu\u00e9 un identifiant anonyme. Le fichier cookie permet \u00e0 son \u00e9metteur d\u2019identifier le terminal dans lequel il est enregistr\u00e9 pendant la dur\u00e9e de validit\u00e9 ou d\u2019enregistrement du cookie concern\u00e9. Un cookie ne permet pas de remonter \u00e0 une personne physique.<\/p>\n<p>Lorsque vous consultez\u00a0le site \u00ab\u00a0Mes formulaires\u00a0\u00bb, nous pouvons \u00eatre amen\u00e9s \u00e0 installer, sous r\u00e9serve de votre choix, diff\u00e9rents cookies et notamment des cookies de statistiques.<\/p>\n<h5>Quels types de cookies sont d\u00e9pos\u00e9s par le site Web ?<\/h5>\n<p><span style=\"text-decoration: underline;\"><strong>Cookies de Statistiques Google Analytics<\/strong><\/span><\/p>\n<p>Ces cookies permettent d\u2019\u00e9tablir des statistiques de fr\u00e9quentation du\u00a0site \u00ab\u00a0Mes formulaires\u00a0\u00bb\u00a0et de d\u00e9tecter des probl\u00e8mes de navigation afin de suivre et d\u2019am\u00e9liorer la qualit\u00e9 de nos services.<\/p>\n<p><span style=\"text-decoration: underline;\"><strong>Exercez vos choix selon le navigateur que vous utilisez<\/strong><\/span><\/p>\n<p>Vous pouvez \u00e0 tout moment param\u00e9trer votre navigateur afin d\u2019exprimer et de modifier vos souhaits en mati\u00e8re de cookies et notamment concernant les cookies de statistique. Vous pouvez exprimer vos choix en param\u00e9trant votre navigateur de fa\u00e7on \u00e0 refuser certains cookies.<\/p>\n<p>Si vous refusez nos cookies, votre visite du\u00a0site \u00ab\u00a0Mes formulaires\u00a0\u00bb ne sera plus comptabilis\u00e9e dans Google Analytics et vous ne pourrez plus b\u00e9n\u00e9ficier d\u2019un certain nombre de fonctionnalit\u00e9s qui sont n\u00e9anmoins n\u00e9cessaires pour naviguer dans certaines de nos pages.<br \/>\nNous vous informons que vous pouvez toutefois vous opposer \u00e0 l\u2019enregistrement de cookies en suivant le mode op\u00e9ratoire disponible ci-dessous :<\/p>\n<p>Sur Internet Explorer<\/p>\n<ol>\n<li>Allez dans Outils &gt; Options Internet.<\/li>\n<li>Cliquez sur l\u2019onglet confidentialit\u00e9.<\/li>\n<li>Cliquez sur le bouton avanc\u00e9, cochez la case \u00a0\u00bb Ignorer la gestion automatique des cookies\u00a0\u00bb.<\/li>\n<\/ol>\n<p>Sur Firefox<\/p>\n<ol>\n<li>En haut de la fen\u00eatre de Firefox, cliquez sur le bouton Firefox (menu Outils sous Windows XP), puis s\u00e9lectionnez Options.<\/li>\n<li>S\u00e9lectionnez le panneau Vie priv\u00e9e.<\/li>\n<li>Param\u00e9trez R\u00e8gles de conservation : \u00e0 utiliser les param\u00e8tres personnalis\u00e9s pour l\u2019historique.<\/li>\n<li>D\u00e9cochez Accepter les cookies.<\/li>\n<\/ol>\n<p>Sur Chrome<\/p>\n<ol>\n<li>Cliquez sur l\u2019ic\u00f4ne repr\u00e9sentant une cl\u00e9 \u00e0 molette qui est situ\u00e9e dans la barre d\u2019outils du navigateur.<\/li>\n<li>S\u00e9lectionnez Param\u00e8tres.<\/li>\n<li>Cliquez sur Afficher les param\u00e8tres avanc\u00e9s.<\/li>\n<li>Dans la section \u00ab\u00a0Confidentialit\u00e9\u00a0\u00bb, cliquez sur le bouton Param\u00e8tres de contenu.<\/li>\n<li>Dans la section \u00ab\u00a0Cookies\u00a0\u00bb, vous pouvez bloquer les cookies et donn\u00e9es de sites tiers<\/li>\n<\/ol>\n<p>Sur Safari<\/p>\n<ol>\n<li>Allez dans R\u00e9glages &gt; Pr\u00e9f\u00e9rences<\/li>\n<li>Cliquez sur l\u2019onglet Confidentialit\u00e9<\/li>\n<li>Dans la zone \u00a0\u00bb Bloquer les cookies \u00ab\u00a0, cochez la case \u00ab\u00a0toujours\u00a0\u00bb<\/li>\n<\/ol>\n<p>Sur Op\u00e9ra<\/p>\n<ol>\n<li>Allez dans R\u00e9glages &gt; Pr\u00e9f\u00e9rences<\/li>\n<li>Cliquez sur l\u2019onglet avanc\u00e9es<\/li>\n<li>Dans la zone \u00a0\u00bb Cookies \u00ab\u00a0, cochez la case \u00a0\u00bb Ne jamais accepter les cookies\u00a0\u00bb<\/li>\n<\/ol>\n","protected":false},"excerpt":{"rendered":"<p>\u00c9diteur du site Ce site est \u00e9dit\u00e9 par la Caisse Primaire d\u2019Assurance Maladie de Loir-et-Cher (CPAM 41). Si\u00e8ge social :\u00a06 rue Louis Armand &#8211; 41022 Blois Cedex. Directeur de publication : Pierre CUCHET &#8211; Directeur T\u00e9l\u00e9phone : 02 54 50 18 22 Protection des donn\u00e9es personnelles Ce site a fait l\u2019objet d\u2019une d\u00e9claration \u00e0 la CNIL. Aucune donn\u00e9e \u00e0 caract\u00e8re personnel n&rsquo;est collect\u00e9e ni diffus\u00e9e \u00e0 votre insu. Conform\u00e9ment aux articles 38 et suivants de la loi n\u00b0 78-17 du 6 janvier 1978 relative \u00e0 l&rsquo;informatique, aux fichiers et aux libert\u00e9s, toute personne peut s&rsquo;opposer \u00e0 la publication d&rsquo;informations la concernant, en obtenir communication et, le cas \u00e9ch\u00e9ant, rectification ou suppression de ces informations. Sous r\u00e9serve du caract\u00e8re public des informations contenues sur ce site, aucune donn\u00e9e \u00e0 caract\u00e8re personnel n&rsquo;est communiqu\u00e9e par les CPAM \u00e0 des tiers. Les adresses \u00e9lectroniques recueillies dans le cadre de l\u2019utilisation du site ne sont utilis\u00e9es que pour l&rsquo;envoi de lettres d\u2019informations pour lesquelles la personne a explicitement donn\u00e9 son accord. Mentions relatives aux cookies Qu\u2019est-ce qu\u2019un cookie et \u00e0 quoi sert-il ? Un cookie (ou t\u00e9moin de connexion) est un fichier texte susceptible d\u2019\u00eatre enregistr\u00e9, sous r\u00e9serve de vos choix, dans un espace d\u00e9di\u00e9 du disque dur de votre terminal (ordinateur, tablette \u2026) \u00e0 l\u2019occasion de la consultation d\u2019un service en ligne gr\u00e2ce \u00e0 votre logiciel de navigation. Il est transmis par le serveur d\u2019un site internet \u00e0 votre navigateur. A chaque cookie est attribu\u00e9 un identifiant anonyme. Le fichier cookie permet \u00e0 son \u00e9metteur d\u2019identifier le terminal dans lequel il est enregistr\u00e9 pendant la dur\u00e9e de validit\u00e9 ou d\u2019enregistrement du cookie concern\u00e9. Un cookie ne permet pas de remonter \u00e0 une personne physique. Lorsque vous consultez\u00a0le site \u00ab\u00a0Mes formulaires\u00a0\u00bb, nous pouvons \u00eatre amen\u00e9s \u00e0 installer, sous r\u00e9serve de votre choix, diff\u00e9rents cookies et notamment des cookies de statistiques. Quels types de cookies sont d\u00e9pos\u00e9s par le site Web ? Cookies de Statistiques Google Analytics Ces cookies permettent d\u2019\u00e9tablir des statistiques de fr\u00e9quentation du\u00a0site \u00ab\u00a0Mes formulaires\u00a0\u00bb\u00a0et de d\u00e9tecter des probl\u00e8mes de navigation afin de suivre et d\u2019am\u00e9liorer la qualit\u00e9 de nos services. Exercez vos choix selon le navigateur que vous utilisez Vous pouvez \u00e0 tout moment param\u00e9trer votre navigateur afin d\u2019exprimer et de modifier vos souhaits en mati\u00e8re de cookies et notamment concernant les cookies de statistique. Vous pouvez exprimer vos choix en param\u00e9trant votre navigateur de fa\u00e7on \u00e0 refuser certains cookies. Si vous refusez nos cookies, votre visite du\u00a0site \u00ab\u00a0Mes formulaires\u00a0\u00bb ne sera plus comptabilis\u00e9e dans Google Analytics et vous ne pourrez plus b\u00e9n\u00e9ficier d\u2019un certain nombre de fonctionnalit\u00e9s qui sont n\u00e9anmoins n\u00e9cessaires pour naviguer dans certaines de nos pages. Nous vous informons que vous pouvez toutefois vous opposer \u00e0 l\u2019enregistrement de cookies en suivant le mode op\u00e9ratoire disponible ci-dessous : Sur Internet Explorer Allez dans Outils &gt; Options Internet. Cliquez sur l\u2019onglet confidentialit\u00e9. Cliquez sur le bouton avanc\u00e9, cochez la case \u00a0\u00bb Ignorer la gestion automatique des cookies\u00a0\u00bb. Sur Firefox En haut de la fen\u00eatre de Firefox, cliquez sur le bouton Firefox (menu Outils sous Windows XP), puis s\u00e9lectionnez Options. S\u00e9lectionnez le panneau Vie priv\u00e9e. Param\u00e9trez R\u00e8gles de conservation : \u00e0 utiliser les param\u00e8tres personnalis\u00e9s pour l\u2019historique. D\u00e9cochez Accepter les cookies. Sur Chrome Cliquez sur l\u2019ic\u00f4ne repr\u00e9sentant une cl\u00e9 \u00e0 molette qui est situ\u00e9e dans la barre d\u2019outils du navigateur. S\u00e9lectionnez Param\u00e8tres. Cliquez sur Afficher les param\u00e8tres avanc\u00e9s. Dans la section \u00ab\u00a0Confidentialit\u00e9\u00a0\u00bb, cliquez sur le bouton Param\u00e8tres de contenu. Dans la section \u00ab\u00a0Cookies\u00a0\u00bb, vous pouvez bloquer les cookies et donn\u00e9es de sites tiers Sur Safari Allez dans R\u00e9glages &gt; Pr\u00e9f\u00e9rences Cliquez sur l\u2019onglet Confidentialit\u00e9 Dans la zone \u00a0\u00bb Bloquer les cookies \u00ab\u00a0, cochez la case \u00ab\u00a0toujours\u00a0\u00bb Sur Op\u00e9ra Allez dans R\u00e9glages &gt; Pr\u00e9f\u00e9rences Cliquez sur l\u2019onglet avanc\u00e9es Dans la zone \u00a0\u00bb Cookies \u00ab\u00a0, cochez la case \u00a0\u00bb Ne jamais accepter les cookies\u00a0\u00bb<\/p>\n","protected":false},"author":1,"featured_media":0,"parent":0,"menu_order":0,"comment_status":"closed","ping_status":"closed","template":"","meta":{"footnotes":""},"class_list":["post-27","page","type-page","status-publish","hentry"],"_links":{"self":[{"href":"https:\/\/mes-formulaires.cpamcentre.fr\/index.php\/wp-json\/wp\/v2\/pages\/27"}],"collection":[{"href":"https:\/\/mes-formulaires.cpamcentre.fr\/index.php\/wp-json\/wp\/v2\/pages"}],"about":[{"href":"https:\/\/mes-formulaires.cpamcentre.fr\/index.php\/wp-json\/wp\/v2\/types\/page"}],"author":[{"embeddable":true,"href":"https:\/\/mes-formulaires.cpamcentre.fr\/index.php\/wp-json\/wp\/v2\/users\/1"}],"replies":[{"embeddable":true,"href":"https:\/\/mes-formulaires.cpamcentre.fr\/index.php\/wp-json\/wp\/v2\/comments?post=27"}],"version-history":[{"count":3,"href":"https:\/\/mes-formulaires.cpamcentre.fr\/index.php\/wp-json\/wp\/v2\/pages\/27\/revisions"}],"predecessor-version":[{"id":293,"href":"https:\/\/mes-formulaires.cpamcentre.fr\/index.php\/wp-json\/wp\/v2\/pages\/27\/revisions\/293"}],"wp:attachment":[{"href":"https:\/\/mes-formulaires.cpamcentre.fr\/index.php\/wp-json\/wp\/v2\/media?parent=27"}],"curies":[{"name":"wp","href":"https:\/\/api.w.org\/{rel}","templated":true}]}}