{"id":623,"date":"2023-08-10T09:27:02","date_gmt":"2023-08-10T08:27:02","guid":{"rendered":"https:\/\/mes-formulaires.cpamcentre.fr\/?page_id=623"},"modified":"2025-10-10T14:21:21","modified_gmt":"2025-10-10T13:21:21","slug":"journees-sante-rendez-vous-prochainement-pres-de-chez-vous","status":"publish","type":"page","link":"https:\/\/mes-formulaires.cpamcentre.fr\/index.php\/journees-sante-rendez-vous-prochainement-pres-de-chez-vous\/","title":{"rendered":"Journ\u00e9e sant\u00e9 -28 novembre 2025 \u00e0 Veuzain sur Loire"},"content":{"rendered":"\n<p>Parce que la sant\u00e9 est essentielle, la Caisse primaire d&rsquo;assurance maladie de Loir-et-Cher et ses partenaires organisent une journ\u00e9e d\u00e9di\u00e9e \u00e0 la pr\u00e9vention sant\u00e9 vendredi 28 novembre 2025 \u00e0 Veuzain sur Loire. <strong>Objectif : vous permettre d\u2019acc\u00e9der \u00e0 des actions de pr\u00e9vention au plus pr\u00e8s de votre domicile.<\/strong><\/p>\n\n\n\n<h4 class=\"wp-block-heading has-text-align-center\">Rendez-vous le vendredi 28 novembre 2025 \u00e0 la salle Charles de Rostaing \u00e0 Veuzain-sur-Loire de 10 h \u00e0 17 h 30.<\/h4>\n\n\n<div class=\"wp-block-image\">\n<figure class=\"alignleft size-full\"><a href=\"https:\/\/mes-formulaires.cpamcentre.fr\/wp-content\/uploads\/2023\/08\/image-JS.gif\"><img fetchpriority=\"high\" decoding=\"async\" width=\"233\" height=\"287\" src=\"https:\/\/mes-formulaires.cpamcentre.fr\/wp-content\/uploads\/2023\/08\/image-JS.gif\" alt=\"\" class=\"wp-image-635\"\/><\/a><\/figure><\/div>\n\n\n<p><strong>Au programme :<\/strong><\/p>\n\n\n\n<ul class=\"wp-block-list\">\n<li>des rendez-vous avec des professionnels de la sant\u00e9 (sur inscription) ;<\/li>\n\n\n\n<li>des ateliers d&rsquo;activit\u00e9 physique et de bien-\u00eatre (sur inscription) ;<\/li>\n\n\n\n<li>Des stands d&rsquo;information en acc\u00e8s libre.<\/li>\n<\/ul>\n\n\n\n<p>D\u00e9couvrez ci-dessous le programme d\u00e9taill\u00e9. L&rsquo;ensemble des rendez-vous et activit\u00e9s propos\u00e9s sont gratuits.<\/p>\n\n\n\n<p>> <strong>Informations et inscription en contactant le 02 34 03 20 99 (du lundi au vendredi de 08 h 00 \u00e0 12 h 15 et de 13 h 00 \u00e0 16 h 45)<\/strong>.<\/p>\n\n\n\n<div data-wp-interactive=\"core\/file\" class=\"wp-block-file\"><object data-wp-bind--hidden=\"!state.hasPdfPreview\"  class=\"wp-block-file__embed\" data=\"https:\/\/mes-formulaires.cpamcentre.fr\/wp-content\/uploads\/2025\/10\/Programme-journee-sante-Veuzain.pdf\" type=\"application\/pdf\" style=\"width:100%;height:600px\" aria-label=\"Contenu embarqu\u00e9 Programme journ\u00e9e sant\u00e9 Veuzain.\"><\/object><a id=\"wp-block-file--media-850100f9-c4a1-4a31-85b1-7a7d3c7bf60b\" href=\"https:\/\/mes-formulaires.cpamcentre.fr\/wp-content\/uploads\/2025\/10\/Programme-journee-sante-Veuzain.pdf\">Programme journ\u00e9e sant\u00e9 Veuzain<\/a><a href=\"https:\/\/mes-formulaires.cpamcentre.fr\/wp-content\/uploads\/2025\/10\/Programme-journee-sante-Veuzain.pdf\" class=\"wp-block-file__button wp-element-button\" download aria-describedby=\"wp-block-file--media-850100f9-c4a1-4a31-85b1-7a7d3c7bf60b\">T\u00e9l\u00e9charger<\/a><\/div>\n\n\n\n<p><\/p>\n","protected":false},"excerpt":{"rendered":"<p>Parce que la sant\u00e9 est essentielle, la Caisse primaire d&rsquo;assurance maladie de Loir-et-Cher et ses partenaires organisent une journ\u00e9e d\u00e9di\u00e9e \u00e0 la pr\u00e9vention sant\u00e9 vendredi 28 novembre 2025 \u00e0 Veuzain sur Loire. Objectif : vous permettre d\u2019acc\u00e9der \u00e0 des actions de pr\u00e9vention au plus pr\u00e8s de votre domicile. Rendez-vous le vendredi 28 novembre 2025 \u00e0 la salle Charles de Rostaing \u00e0 Veuzain-sur-Loire de 10 h \u00e0 17 h 30. Au programme : D\u00e9couvrez ci-dessous le programme d\u00e9taill\u00e9. L&rsquo;ensemble des rendez-vous et activit\u00e9s propos\u00e9s sont gratuits. > Informations et inscription en contactant le 02 34 03 20 99 (du lundi au vendredi de 08 h 00 \u00e0 12 h 15 et de 13 h 00 \u00e0 16 h 45).<\/p>\n","protected":false},"author":1,"featured_media":0,"parent":0,"menu_order":0,"comment_status":"closed","ping_status":"closed","template":"","meta":{"footnotes":""},"class_list":["post-623","page","type-page","status-publish","hentry"],"_links":{"self":[{"href":"https:\/\/mes-formulaires.cpamcentre.fr\/index.php\/wp-json\/wp\/v2\/pages\/623"}],"collection":[{"href":"https:\/\/mes-formulaires.cpamcentre.fr\/index.php\/wp-json\/wp\/v2\/pages"}],"about":[{"href":"https:\/\/mes-formulaires.cpamcentre.fr\/index.php\/wp-json\/wp\/v2\/types\/page"}],"author":[{"embeddable":true,"href":"https:\/\/mes-formulaires.cpamcentre.fr\/index.php\/wp-json\/wp\/v2\/users\/1"}],"replies":[{"embeddable":true,"href":"https:\/\/mes-formulaires.cpamcentre.fr\/index.php\/wp-json\/wp\/v2\/comments?post=623"}],"version-history":[{"count":18,"href":"https:\/\/mes-formulaires.cpamcentre.fr\/index.php\/wp-json\/wp\/v2\/pages\/623\/revisions"}],"predecessor-version":[{"id":1078,"href":"https:\/\/mes-formulaires.cpamcentre.fr\/index.php\/wp-json\/wp\/v2\/pages\/623\/revisions\/1078"}],"wp:attachment":[{"href":"https:\/\/mes-formulaires.cpamcentre.fr\/index.php\/wp-json\/wp\/v2\/media?parent=623"}],"curies":[{"name":"wp","href":"https:\/\/api.w.org\/{rel}","templated":true}]}}